{"id":11,"date":"2021-10-24T15:54:01","date_gmt":"2021-10-24T14:54:01","guid":{"rendered":"https:\/\/cirquedelalunefr.wordpress.com\/contact-2\/"},"modified":"2025-05-28T08:28:44","modified_gmt":"2025-05-28T06:28:44","slug":"contact-2","status":"publish","type":"page","link":"https:\/\/cirquedelalune.fr\/index.php\/contact-2\/","title":{"rendered":"Contact"},"content":{"rendered":"\n<p>Si vous avez bien cherch\u00e9 l&rsquo;information dont vous avez tant besoin sur notre site internet mais que vous ne l&rsquo;avez pas trouv\u00e9e, vous pouvez nous la demander par mail et une b\u00e9n\u00e9vole passionn\u00e9e vous la d\u00e9livrera sur un plateau.<\/p>\n\n\n\n<p>Ou bien si vous souhaitez avoir un devis pour un spectacle de notre troupe \u00e9v\u00e9nementiel, vous pouvez envoyer un mail \u00e0 Mathilde ici : <\/p>\n\n\n\n<p>cirquedelalune.gap@gmail.com<\/p>\n\n\n\n<p>Et si vous souhaitez des infos pour une intervention pour un groupe constitu\u00e9 dans vos locaux ou chez nous, rendez-vous sur <a href=\"https:\/\/cirquedelalune.fr\/index.php\/interventions-exterieurs\/\" data-type=\"page\" data-id=\"198\">la page d\u00e9di\u00e9<\/a>e et remplissez le formulaire.<\/p>\n\n\n\n<div style=\"height:0px\" aria-hidden=\"true\" class=\"wp-block-spacer desktop-only\"><\/div>\n\n\n\n<div class=\"wp-block-columns alignwide has-2-columns is-layout-flex wp-container-core-columns-is-layout-9d6595d7 wp-block-columns-is-layout-flex\">\n<div class=\"wp-block-column is-layout-flow wp-block-column-is-layout-flow\">\n<h2 class=\"wp-block-heading has-text-align-left\">Contactez-nous<\/h2>\n\n\n\n<div class=\"wp-block-jetpack-contact-info\">\n<div class=\"wp-block-jetpack-address\"><a href=\"https:\/\/www.google.com\/maps\/search\/Atelier+n\u00b01,rue Beauch\u00e2teau,+05000 GAP,\" target=\"_blank\" rel=\"noopener noreferrer\" title=\"Ouvrir l\u2019adresse dans Google Maps\"><div class=\"jetpack-address__address jetpack-address__address1\">Atelier n\u00b01<\/div><div class=\"jetpack-address__address jetpack-address__address2\">rue Beauch\u00e2teau<\/div><div class=\"jetpack-address__city\">05000 GAP<\/div><\/a><\/div>\n<div class=\"wp-block-jetpack-email\"><a href=\"mailto:cirquedelalune.gap@gmail.com\">cirquedelalune.gap@gmail.com<\/a><\/div>\n<\/div>\n<\/div>\n<\/div>\n","protected":false},"excerpt":{"rendered":"<p>Si vous avez bien cherch\u00e9 l&rsquo;information dont vous avez tant besoin sur notre site internet mais que vous ne l&rsquo;avez pas trouv\u00e9e, vous pouvez nous la demander par mail et une b\u00e9n\u00e9vole passionn\u00e9e vous la d\u00e9livrera sur un plateau. Ou bien si vous souhaitez avoir un devis pour un spectacle de notre troupe \u00e9v\u00e9nementiel, vous&hellip;<\/p>\n","protected":false},"author":1,"featured_media":0,"parent":0,"menu_order":0,"comment_status":"closed","ping_status":"closed","template":"","meta":{"footnotes":""},"class_list":["post-11","page","type-page","status-publish","hentry"],"_links":{"self":[{"href":"https:\/\/cirquedelalune.fr\/index.php\/wp-json\/wp\/v2\/pages\/11","targetHints":{"allow":["GET"]}}],"collection":[{"href":"https:\/\/cirquedelalune.fr\/index.php\/wp-json\/wp\/v2\/pages"}],"about":[{"href":"https:\/\/cirquedelalune.fr\/index.php\/wp-json\/wp\/v2\/types\/page"}],"author":[{"embeddable":true,"href":"https:\/\/cirquedelalune.fr\/index.php\/wp-json\/wp\/v2\/users\/1"}],"replies":[{"embeddable":true,"href":"https:\/\/cirquedelalune.fr\/index.php\/wp-json\/wp\/v2\/comments?post=11"}],"version-history":[{"count":7,"href":"https:\/\/cirquedelalune.fr\/index.php\/wp-json\/wp\/v2\/pages\/11\/revisions"}],"predecessor-version":[{"id":1027,"href":"https:\/\/cirquedelalune.fr\/index.php\/wp-json\/wp\/v2\/pages\/11\/revisions\/1027"}],"wp:attachment":[{"href":"https:\/\/cirquedelalune.fr\/index.php\/wp-json\/wp\/v2\/media?parent=11"}],"curies":[{"name":"wp","href":"https:\/\/api.w.org\/{rel}","templated":true}]}}