{"id":12,"date":"2021-10-24T15:54:00","date_gmt":"2021-10-24T14:54:00","guid":{"rendered":"https:\/\/cirquedelalunefr.wordpress.com\/about\/"},"modified":"2025-05-28T08:26:28","modified_gmt":"2025-05-28T06:26:28","slug":"about","status":"publish","type":"page","link":"https:\/\/cirquedelalune.fr\/index.php\/about\/","title":{"rendered":"Soutiens"},"content":{"rendered":"\n<div style=\"height:20px\" aria-hidden=\"true\" class=\"wp-block-spacer\"><\/div>\n\n\n\n<div class=\"wp-block-group alignfull\"><div class=\"wp-block-group__inner-container is-layout-flow wp-block-group-is-layout-flow\">\n<div class=\"wp-block-jetpack-layout-grid alignfull column1-desktop-grid__span-3 column1-desktop-grid__start-2 column1-desktop-grid__row-1 column2-desktop-grid__span-6 column2-desktop-grid__start-6 column2-desktop-grid__row-1 column1-tablet-grid__span-3 column1-tablet-grid__row-1 column2-tablet-grid__span-5 column2-tablet-grid__start-4 column2-tablet-grid__row-1 column1-mobile-grid__span-4 column1-mobile-grid__row-1 column2-mobile-grid__span-4 column2-mobile-grid__row-2\">\n<div class=\"wp-block-jetpack-layout-grid-column wp-block-jetpack-layout-grid__padding-none\">\n<figure class=\"wp-block-image size-large is-style-circle-mask\"><img loading=\"lazy\" decoding=\"async\" width=\"1584\" height=\"1584\" src=\"http:\/\/cirquedelalune.fr\/wp-content\/uploads\/2022\/08\/logo-carre.jpg?w=1024\" alt=\"\" class=\"wp-image-40\" srcset=\"https:\/\/cirquedelalune.fr\/wp-content\/uploads\/2022\/08\/logo-carre.jpg 1584w, https:\/\/cirquedelalune.fr\/wp-content\/uploads\/2022\/08\/logo-carre-300x300.jpg 300w, https:\/\/cirquedelalune.fr\/wp-content\/uploads\/2022\/08\/logo-carre-1024x1024.jpg 1024w, https:\/\/cirquedelalune.fr\/wp-content\/uploads\/2022\/08\/logo-carre-150x150.jpg 150w, https:\/\/cirquedelalune.fr\/wp-content\/uploads\/2022\/08\/logo-carre-768x768.jpg 768w, https:\/\/cirquedelalune.fr\/wp-content\/uploads\/2022\/08\/logo-carre-1536x1536.jpg 1536w, https:\/\/cirquedelalune.fr\/wp-content\/uploads\/2022\/08\/logo-carre-1568x1568.jpg 1568w\" sizes=\"auto, (max-width: 1584px) 100vw, 1584px\" \/><\/figure>\n<\/div>\n\n\n\n<div class=\"wp-block-jetpack-layout-grid-column wp-block-jetpack-layout-grid__padding-none\">\n<h2 class=\"wp-block-heading\">Nous remercions avant tout les adh\u00e9rent\u00b7es et les b\u00e9n\u00e9voles qui soutiennent l&rsquo;association tous les jours.<\/h2>\n\n\n\n<p>L&rsquo;association est soutenue par le conseil d\u00e9partemental.<\/p>\n\n\n\n<figure class=\"wp-block-image size-full is-resized\"><img loading=\"lazy\" decoding=\"async\" width=\"402\" height=\"220\" src=\"http:\/\/cirquedelalune.fr\/wp-content\/uploads\/2022\/10\/logoHautesAlpesRouge.png\" alt=\"\" class=\"wp-image-225\" style=\"width:305px;height:167px\" srcset=\"https:\/\/cirquedelalune.fr\/wp-content\/uploads\/2022\/10\/logoHautesAlpesRouge.png 402w, https:\/\/cirquedelalune.fr\/wp-content\/uploads\/2022\/10\/logoHautesAlpesRouge-300x164.png 300w\" sizes=\"auto, (max-width: 402px) 100vw, 402px\" \/><\/figure>\n<\/div>\n<\/div>\n<\/div><\/div>\n","protected":false},"excerpt":{"rendered":"<p>Nous remercions avant tout les adh\u00e9rent\u00b7es et les b\u00e9n\u00e9voles qui soutiennent l&rsquo;association tous les jours. L&rsquo;association est soutenue par le conseil d\u00e9partemental.<\/p>\n","protected":false},"author":1,"featured_media":0,"parent":0,"menu_order":0,"comment_status":"closed","ping_status":"closed","template":"","meta":{"footnotes":""},"class_list":["post-12","page","type-page","status-publish","hentry"],"_links":{"self":[{"href":"https:\/\/cirquedelalune.fr\/index.php\/wp-json\/wp\/v2\/pages\/12","targetHints":{"allow":["GET"]}}],"collection":[{"href":"https:\/\/cirquedelalune.fr\/index.php\/wp-json\/wp\/v2\/pages"}],"about":[{"href":"https:\/\/cirquedelalune.fr\/index.php\/wp-json\/wp\/v2\/types\/page"}],"author":[{"embeddable":true,"href":"https:\/\/cirquedelalune.fr\/index.php\/wp-json\/wp\/v2\/users\/1"}],"replies":[{"embeddable":true,"href":"https:\/\/cirquedelalune.fr\/index.php\/wp-json\/wp\/v2\/comments?post=12"}],"version-history":[{"count":3,"href":"https:\/\/cirquedelalune.fr\/index.php\/wp-json\/wp\/v2\/pages\/12\/revisions"}],"predecessor-version":[{"id":1025,"href":"https:\/\/cirquedelalune.fr\/index.php\/wp-json\/wp\/v2\/pages\/12\/revisions\/1025"}],"wp:attachment":[{"href":"https:\/\/cirquedelalune.fr\/index.php\/wp-json\/wp\/v2\/media?parent=12"}],"curies":[{"name":"wp","href":"https:\/\/api.w.org\/{rel}","templated":true}]}}