{"id":190,"date":"2022-10-09T13:25:36","date_gmt":"2022-10-09T11:25:36","guid":{"rendered":"http:\/\/cirquedelalune.fr\/?p=190"},"modified":"2025-05-12T16:17:05","modified_gmt":"2025-05-12T14:17:05","slug":"spectacle-en-salle","status":"publish","type":"page","link":"https:\/\/cirquedelalune.fr\/index.php\/spectacle-en-salle\/","title":{"rendered":"Spectacle en salle"},"content":{"rendered":"\n<h2 class=\"wp-block-heading\">Le pays des merveilles <\/h2>\n\n\n\n<p>Dur\u00e9e 30 min.&nbsp;&nbsp;&nbsp;&nbsp; Tout public&nbsp;&nbsp;&nbsp;&nbsp;&nbsp;&nbsp; &nbsp;&nbsp;&nbsp;&nbsp;&nbsp;&nbsp;&nbsp;&nbsp;&nbsp;&nbsp;&nbsp;&nbsp;<strong>Tarif&nbsp;: 600 euros<\/strong><\/p>\n\n\n\n<p>&nbsp;\u00ab Bienvenue dans un monde ou Alice n&rsquo;est jamais rentr\u00e9e. D\u00e9couvrez \u00a0\u00bb Le pays des merveilles\u00a0\u00bb, un spectacle qui met en sc\u00e8ne la vie secr\u00e8te de ses habitants, sans l&rsquo;h\u00e9ro\u00efne qui a boulevers\u00e9 leur destin. Ici le Chapelier Fou, la reine de c\u0153ur, et le chat du Cheshire continuent leurs \u00e9tranges routines, affrontant les myst\u00e8res et les absurdit\u00e9s de leurs monde. Un voyage dans le quotidien de ces personnages extraordinaires, laiss\u00e9s \u00e0 eux m\u00eames dans ce pays magique et d\u00e9routant. \u00ab\u00a0<\/p>\n\n\n\n<p>Spectacle circassien jou\u00e9 par les \u00e9l\u00e8ves de l&rsquo;\u00e9cole du Cirque. Acrobatie, jonglage et \u00e9quilibre.<\/p>\n\n\n\n<p>Ce spectacle fixe se joue  \u00e0 l\u2019int\u00e9rieur (ext\u00e9rieur possible si la temp\u00e9rature le permet).  Espace sc\u00e9nique id\u00e9al 10 m de long sur 5 m de large. (Minimum exig\u00e9 8 m de long sur 4 m de large) <\/p>\n\n\n<div class=\"wp-block-image\">\n<figure class=\"aligncenter size-full is-resized\"><img loading=\"lazy\" decoding=\"async\" width=\"236\" height=\"364\" src=\"https:\/\/cirquedelalune.fr\/wp-content\/uploads\/2024\/10\/7ac156d7cfef80272724113a0d2edd07.jpg\" alt=\"\" class=\"wp-image-832\" style=\"width:376px;height:auto\" srcset=\"https:\/\/cirquedelalune.fr\/wp-content\/uploads\/2024\/10\/7ac156d7cfef80272724113a0d2edd07.jpg 236w, https:\/\/cirquedelalune.fr\/wp-content\/uploads\/2024\/10\/7ac156d7cfef80272724113a0d2edd07-195x300.jpg 195w\" sizes=\"auto, (max-width: 236px) 100vw, 236px\" \/><\/figure>\n<\/div>","protected":false},"excerpt":{"rendered":"<p>Le pays des merveilles Dur\u00e9e 30 min.&nbsp;&nbsp;&nbsp;&nbsp; Tout public&nbsp;&nbsp;&nbsp;&nbsp;&nbsp;&nbsp; &nbsp;&nbsp;&nbsp;&nbsp;&nbsp;&nbsp;&nbsp;&nbsp;&nbsp;&nbsp;&nbsp;&nbsp;Tarif&nbsp;: 600 euros &nbsp;\u00ab Bienvenue dans un monde ou Alice n&rsquo;est jamais rentr\u00e9e. D\u00e9couvrez \u00a0\u00bb Le pays des merveilles\u00a0\u00bb, un spectacle qui met en sc\u00e8ne la vie secr\u00e8te de ses habitants, sans l&rsquo;h\u00e9ro\u00efne qui a boulevers\u00e9 leur destin. Ici le Chapelier Fou, la reine de c\u0153ur,&hellip;<\/p>\n","protected":false},"author":1,"featured_media":0,"parent":0,"menu_order":0,"comment_status":"closed","ping_status":"closed","template":"","meta":{"footnotes":""},"class_list":["post-190","page","type-page","status-publish","hentry"],"_links":{"self":[{"href":"https:\/\/cirquedelalune.fr\/index.php\/wp-json\/wp\/v2\/pages\/190","targetHints":{"allow":["GET"]}}],"collection":[{"href":"https:\/\/cirquedelalune.fr\/index.php\/wp-json\/wp\/v2\/pages"}],"about":[{"href":"https:\/\/cirquedelalune.fr\/index.php\/wp-json\/wp\/v2\/types\/page"}],"author":[{"embeddable":true,"href":"https:\/\/cirquedelalune.fr\/index.php\/wp-json\/wp\/v2\/users\/1"}],"replies":[{"embeddable":true,"href":"https:\/\/cirquedelalune.fr\/index.php\/wp-json\/wp\/v2\/comments?post=190"}],"version-history":[{"count":7,"href":"https:\/\/cirquedelalune.fr\/index.php\/wp-json\/wp\/v2\/pages\/190\/revisions"}],"predecessor-version":[{"id":975,"href":"https:\/\/cirquedelalune.fr\/index.php\/wp-json\/wp\/v2\/pages\/190\/revisions\/975"}],"wp:attachment":[{"href":"https:\/\/cirquedelalune.fr\/index.php\/wp-json\/wp\/v2\/media?parent=190"}],"curies":[{"name":"wp","href":"https:\/\/api.w.org\/{rel}","templated":true}]}}