{"id":198,"date":"2022-10-09T13:51:33","date_gmt":"2022-10-09T11:51:33","guid":{"rendered":"http:\/\/cirquedelalune.fr\/?page_id=198"},"modified":"2025-05-28T08:18:26","modified_gmt":"2025-05-28T06:18:26","slug":"interventions-exterieurs","status":"publish","type":"page","link":"https:\/\/cirquedelalune.fr\/index.php\/interventions-exterieurs\/","title":{"rendered":"Interventions ext\u00e9rieures"},"content":{"rendered":"\n<p>L&rsquo;\u00e9cole de cirque viens chez vous !<\/p>\n\n\n\n<p>\u00c9coles, centre sociaux, EHPAD, centre de loisir, classes vertes, centre de vacances &#8230; Il y a tant d&rsquo;endroits o\u00f9 on a envie de faire du cirque !<\/p>\n\n\n\n<p>Nous proposons des cours de cirque sur mesure dans votre structure ou bien dans nos locaux pour un groupe d\u00e9j\u00e0 constitu\u00e9.<\/p>\n\n\n\n<p class=\"has-text-align-left\"><strong>Pour plus d&rsquo;infos et pour un devis, veuillez remplir ce formulaire :<\/strong><\/p>\n\n\n\n<div class=\"wp-block-buttons is-layout-flex wp-block-buttons-is-layout-flex\">\n<div class=\"wp-block-button is-style-fill\"><a class=\"wp-block-button__link has-text-align-center wp-element-button\" href=\"https:\/\/docs.google.com\/forms\/d\/e\/1FAIpQLSe3mbjkNXIwzwns_a5BtToOaNr1UmSw6dStf8bDYsN1BwYdWg\/viewform?embedded=true\" target=\"_blank\" rel=\"noreferrer noopener\">Formulaire de demande d&rsquo;intervention cirque<\/a><\/div>\n<\/div>\n\n\n<div class=\"wp-block-image\">\n<figure class=\"aligncenter size-full is-resized\"><img loading=\"lazy\" decoding=\"async\" width=\"813\" height=\"816\" src=\"http:\/\/cirquedelalune.fr\/wp-content\/uploads\/2022\/10\/interventions1.png\" alt=\"\" class=\"wp-image-199\" style=\"width:391px;height:392px\" srcset=\"https:\/\/cirquedelalune.fr\/wp-content\/uploads\/2022\/10\/interventions1.png 813w, https:\/\/cirquedelalune.fr\/wp-content\/uploads\/2022\/10\/interventions1-300x300.png 300w, https:\/\/cirquedelalune.fr\/wp-content\/uploads\/2022\/10\/interventions1-150x150.png 150w, https:\/\/cirquedelalune.fr\/wp-content\/uploads\/2022\/10\/interventions1-768x771.png 768w\" sizes=\"auto, (max-width: 813px) 100vw, 813px\" \/><\/figure>\n<\/div>\n\n\n<p class=\"has-text-align-center\">Par exemple :<\/p>\n\n\n\n<p class=\"has-text-align-left\"><em>En \u00e9cole primaire, nous pouvons intervenir r\u00e9guli\u00e8rement sur une th\u00e9matique jonglage ou \u00e9quilibre sur mat\u00e9riel pour d\u00e9velopper la dext\u00e9rit\u00e9 ou l&rsquo;\u00e9quilibre des jeunes.<\/em><\/p>\n\n\n\n<p><em>En centre de vacances, nous pouvons proposer une semaine sur la th\u00e9matique de l&rsquo;a\u00e9rien pour passer la semaine la t\u00eate \u00e0 l&rsquo;envers.<\/em><\/p>\n\n\n\n<p class=\"has-text-align-left\"><em>En classe verte, quelques s\u00e9ances de port\u00e9s acrobatiques ou de pyramides pour \u00e9prouver le go\u00fbt de l&rsquo;effort collectif<\/em> !<\/p>\n","protected":false},"excerpt":{"rendered":"<p>L&rsquo;\u00e9cole de cirque viens chez vous ! \u00c9coles, centre sociaux, EHPAD, centre de loisir, classes vertes, centre de vacances &#8230; Il y a tant d&rsquo;endroits o\u00f9 on a envie de faire du cirque ! Nous proposons des cours de cirque sur mesure dans votre structure ou bien dans nos locaux pour un groupe d\u00e9j\u00e0 constitu\u00e9.&hellip;<\/p>\n","protected":false},"author":1,"featured_media":0,"parent":0,"menu_order":0,"comment_status":"closed","ping_status":"closed","template":"","meta":{"footnotes":""},"class_list":["post-198","page","type-page","status-publish","hentry"],"_links":{"self":[{"href":"https:\/\/cirquedelalune.fr\/index.php\/wp-json\/wp\/v2\/pages\/198","targetHints":{"allow":["GET"]}}],"collection":[{"href":"https:\/\/cirquedelalune.fr\/index.php\/wp-json\/wp\/v2\/pages"}],"about":[{"href":"https:\/\/cirquedelalune.fr\/index.php\/wp-json\/wp\/v2\/types\/page"}],"author":[{"embeddable":true,"href":"https:\/\/cirquedelalune.fr\/index.php\/wp-json\/wp\/v2\/users\/1"}],"replies":[{"embeddable":true,"href":"https:\/\/cirquedelalune.fr\/index.php\/wp-json\/wp\/v2\/comments?post=198"}],"version-history":[{"count":7,"href":"https:\/\/cirquedelalune.fr\/index.php\/wp-json\/wp\/v2\/pages\/198\/revisions"}],"predecessor-version":[{"id":1019,"href":"https:\/\/cirquedelalune.fr\/index.php\/wp-json\/wp\/v2\/pages\/198\/revisions\/1019"}],"wp:attachment":[{"href":"https:\/\/cirquedelalune.fr\/index.php\/wp-json\/wp\/v2\/media?parent=198"}],"curies":[{"name":"wp","href":"https:\/\/api.w.org\/{rel}","templated":true}]}}