{"id":202,"date":"2022-10-09T14:04:55","date_gmt":"2022-10-09T12:04:55","guid":{"rendered":"http:\/\/cirquedelalune.fr\/?page_id=202"},"modified":"2026-02-04T09:17:51","modified_gmt":"2026-02-04T08:17:51","slug":"spectacle-de-fin-dannee","status":"publish","type":"page","link":"https:\/\/cirquedelalune.fr\/index.php\/spectacle-de-fin-dannee\/","title":{"rendered":"Spectacle de fin d&rsquo;ann\u00e9e    2026"},"content":{"rendered":"\n<p>Notre festival de fin d&rsquo;ann\u00e9e 2026 aura lieu dans la salle du Quattro \u00e0 Gap<\/p>\n\n\n\n<p><strong>le mardi  30  juin \u00e0 partir de 18h30 et le mercredi 1 er juillet \u00e0 partir de 13h30 <\/strong><\/p>\n\n\n\n<p><\/p>\n\n\n\n<p class=\"has-text-align-center\"><mark style=\"background-color:rgba(0, 0, 0, 0)\" class=\"has-inline-color has-light-background-color\"><strong>Bient\u00f4t plus d&rsquo;info sur cet \u00e9v\u00e9nement <\/strong><\/mark><\/p>\n\n\n\n<h2 class=\"wp-block-heading\">Porte notre  LOGO<\/h2>\n\n\n\n<figure class=\"wp-block-image size-full is-resized\"><img loading=\"lazy\" decoding=\"async\" width=\"828\" height=\"830\" src=\"https:\/\/cirquedelalune.fr\/wp-content\/uploads\/2025\/05\/IMG_3644-1.jpg\" alt=\"\" class=\"wp-image-956\" style=\"width:247px;height:auto\" srcset=\"https:\/\/cirquedelalune.fr\/wp-content\/uploads\/2025\/05\/IMG_3644-1.jpg 828w, https:\/\/cirquedelalune.fr\/wp-content\/uploads\/2025\/05\/IMG_3644-1-300x300.jpg 300w, https:\/\/cirquedelalune.fr\/wp-content\/uploads\/2025\/05\/IMG_3644-1-150x150.jpg 150w, https:\/\/cirquedelalune.fr\/wp-content\/uploads\/2025\/05\/IMG_3644-1-768x770.jpg 768w\" sizes=\"auto, (max-width: 828px) 100vw, 828px\" \/><\/figure>\n\n\n\n<p>Vous avez \u00e9t\u00e9 nombreux.euses \u00e0 nous les demander :&nbsp;<\/p>\n\n\n\n<p><strong>Une r\u00e9\u00e9dition des tee-shirts du Cirque de la lune !&nbsp;<\/strong><\/p>\n\n\n\n<p>C\u2019est une r\u00e9flexion de quelques ann\u00e9es qui nous a conduit.e.s \u00e0 vous proposer cette ann\u00e9e une solution plus \u00e9cologique :&nbsp;La s\u00e9rigraphie sur des habits de seconde main&nbsp;de bonne facture.<\/p>\n\n\n\n<p>Si vous souhaitez vous habiller \u00ab\u00a0corporate\u00a0\u00bb et soutenir l\u2019\u00e9cole, des T-shirt seront en vente lors du festival au prix de 15 \u20ac.   <\/p>\n\n\n\n<figure class=\"wp-block-image size-large is-resized\"><img loading=\"lazy\" decoding=\"async\" width=\"812\" height=\"1024\" src=\"https:\/\/cirquedelalune.fr\/wp-content\/uploads\/2025\/05\/IMG_3642-812x1024.jpg\" alt=\"\" class=\"wp-image-957\" style=\"width:254px;height:auto\" srcset=\"https:\/\/cirquedelalune.fr\/wp-content\/uploads\/2025\/05\/IMG_3642-812x1024.jpg 812w, https:\/\/cirquedelalune.fr\/wp-content\/uploads\/2025\/05\/IMG_3642-238x300.jpg 238w, https:\/\/cirquedelalune.fr\/wp-content\/uploads\/2025\/05\/IMG_3642-768x968.jpg 768w, https:\/\/cirquedelalune.fr\/wp-content\/uploads\/2025\/05\/IMG_3642.jpg 828w\" sizes=\"auto, (max-width: 812px) 100vw, 812px\" \/><\/figure>\n\n\n\n\n\n\n\n\n","protected":false},"excerpt":{"rendered":"<p>Notre festival de fin d&rsquo;ann\u00e9e 2026 aura lieu dans la salle du Quattro \u00e0 Gap le mardi 30 juin \u00e0 partir de 18h30 et le mercredi 1 er juillet \u00e0 partir de 13h30 Bient\u00f4t plus d&rsquo;info sur cet \u00e9v\u00e9nement Porte notre LOGO Vous avez \u00e9t\u00e9 nombreux.euses \u00e0 nous les demander :&nbsp; Une r\u00e9\u00e9dition des tee-shirts&hellip;<\/p>\n","protected":false},"author":1,"featured_media":0,"parent":0,"menu_order":0,"comment_status":"closed","ping_status":"closed","template":"","meta":{"footnotes":""},"class_list":["post-202","page","type-page","status-publish","hentry"],"_links":{"self":[{"href":"https:\/\/cirquedelalune.fr\/index.php\/wp-json\/wp\/v2\/pages\/202","targetHints":{"allow":["GET"]}}],"collection":[{"href":"https:\/\/cirquedelalune.fr\/index.php\/wp-json\/wp\/v2\/pages"}],"about":[{"href":"https:\/\/cirquedelalune.fr\/index.php\/wp-json\/wp\/v2\/types\/page"}],"author":[{"embeddable":true,"href":"https:\/\/cirquedelalune.fr\/index.php\/wp-json\/wp\/v2\/users\/1"}],"replies":[{"embeddable":true,"href":"https:\/\/cirquedelalune.fr\/index.php\/wp-json\/wp\/v2\/comments?post=202"}],"version-history":[{"count":28,"href":"https:\/\/cirquedelalune.fr\/index.php\/wp-json\/wp\/v2\/pages\/202\/revisions"}],"predecessor-version":[{"id":1303,"href":"https:\/\/cirquedelalune.fr\/index.php\/wp-json\/wp\/v2\/pages\/202\/revisions\/1303"}],"wp:attachment":[{"href":"https:\/\/cirquedelalune.fr\/index.php\/wp-json\/wp\/v2\/media?parent=202"}],"curies":[{"name":"wp","href":"https:\/\/api.w.org\/{rel}","templated":true}]}}